{"id":6,"date":"2025-08-29T12:33:13","date_gmt":"2025-08-29T12:33:13","guid":{"rendered":"http:\/\/compagnie-des-gens-caustiques.fr\/?page_id=6"},"modified":"2025-09-20T12:43:22","modified_gmt":"2025-09-20T12:43:22","slug":"silverstorm","status":"publish","type":"page","link":"https:\/\/compagnie-des-gens-caustiques.fr\/","title":{"rendered":"Front Page"},"content":{"rendered":"<div data-colibri-id=\"6-c1\" class=\"style-177 style-local-6-c1 position-relative\">\n  <!---->\n  <div data-colibri-component=\"section\" data-colibri-id=\"6-c2\" id=\"hero-accent\" class=\"h-section h-section-global-spacing d-flex align-items-lg-center align-items-md-center align-items-center style-178 style-local-6-c2 position-relative\">\n    <!---->\n    <!---->\n    <div class=\"h-section-grid-container h-section-fluid-container\">\n      <!---->\n      <div data-colibri-id=\"6-c3\" class=\"h-row-container gutters-row-lg-2 gutters-row-md-2 gutters-row-2 gutters-row-v-lg-2 gutters-row-v-md-2 gutters-row-v-2 style-179 style-local-6-c3 position-relative\">\n        <!---->\n        <div class=\"h-row justify-content-lg-center justify-content-md-center justify-content-center align-items-lg-stretch align-items-md-stretch align-items-stretch gutters-col-lg-2 gutters-col-md-2 gutters-col-2 gutters-col-v-lg-2 gutters-col-v-md-2 gutters-col-v-2\">\n          <!---->\n          <div class=\"h-column h-column-container d-flex h-col-lg-6 h-col-md-12 h-col-12 style-180-outer style-local-6-c4-outer\">\n            <div data-colibri-id=\"6-c4\" class=\"d-flex h-flex-basis h-column__inner h-px-lg-2 h-px-md-3 h-px-2 v-inner-lg-2 v-inner-md-3 v-inner-2 style-180 style-local-6-c4 position-relative\">\n              <!---->\n              <!---->\n              <div class=\"w-100 h-y-container h-column__content h-column__v-align flex-basis-100 align-self-lg-center align-self-md-center align-self-center\">\n                <!---->\n                <div data-colibri-id=\"6-c5\" class=\"h-text h-text-component style-182 style-local-6-c5 position-relative h-element\">\n                  <!---->\n                  <!---->\n                  <div class=\"\">\n                    <h3>Assistez \u00e0 l&#8217;av\u00e8nement de la c\u00e9l\u00e8bre \u00e9crivaine, et \u00e0 son combat pour s&#8217;affranchir de son mari, Willy.&nbsp;Figure du Tout-Paris, ce dernier signait de son nom, et sans vergogne, les premiers &#8220;Claudine&#8221; \u00e9crits par son \u00e9pouse. Une com\u00e9die\n                      chantante, dr\u00f4le et \u00e9mouvante, qui aborde un th\u00e8me intemporel et universel: celui de la place des femmes dans la soci\u00e9t\u00e9.<\/h3>\n                    <p>\n                      <br>\n                    <\/p>\n                  <\/div>\n                <\/div>\n              <\/div>\n            <\/div>\n          <\/div>\n        <\/div>\n      <\/div>\n    <\/div>\n  <\/div>\n  <div data-colibri-component=\"section\" data-colibri-id=\"6-c6\" id=\"about\" class=\"h-section h-section-global-spacing d-flex align-items-lg-center align-items-md-center align-items-center style-183 style-local-6-c6 position-relative\">\n    <!---->\n    <!---->\n    <div class=\"h-section-grid-container h-section-boxed-container\">\n      <!---->\n      <div data-colibri-id=\"6-c7\" class=\"h-row-container gutters-row-lg-2 gutters-row-md-2 gutters-row-0 gutters-row-v-lg-2 gutters-row-v-md-2 gutters-row-v-2 style-184 style-local-6-c7 position-relative\">\n        <!---->\n        <div class=\"h-row justify-content-lg-center justify-content-md-center justify-content-center align-items-lg-stretch align-items-md-stretch align-items-stretch gutters-col-lg-2 gutters-col-md-2 gutters-col-0 gutters-col-v-lg-2 gutters-col-v-md-2 gutters-col-v-2\">\n          <!---->\n          <div class=\"h-column h-column-container d-flex h-col-lg-6 h-col-md-12 h-col-12 style-185-outer style-local-6-c8-outer\">\n            <div data-colibri-id=\"6-c8\" class=\"d-flex h-flex-basis h-column__inner h-px-lg-0 h-px-md-0 h-px-0 v-inner-lg-0 v-inner-md-0 v-inner-0 style-185 style-local-6-c8 position-relative\">\n              <!---->\n              <!---->\n              <div class=\"w-100 h-y-container h-column__content h-column__v-align flex-basis-100 align-self-lg-center align-self-md-center align-self-center\">\n                <!---->\n                <div data-colibri-id=\"6-c9\" class=\"h-global-transition-all h-heading style-186 style-local-6-c9 position-relative h-element\">\n                  <!---->\n                  <div class=\"h-heading__outer style-186 style-local-6-c9\">\n                    <!---->\n                    <!---->\n                    <h3 class=\"\">La pi\u00e8ce<\/h3>\n                  <\/div>\n                <\/div>\n                <div data-colibri-id=\"6-c10\" class=\"h-text h-text-component style-188 style-local-6-c10 position-relative h-element\">\n                  <!---->\n                  <!---->\n                  <div class=\"\">\n                    <p>La pi\u00e8ce est bas\u00e9e sur la relation qu&#8217;entretenait l&#8217;\u00e9crivaine Colette avec son premier mari, Willy.<\/p>\n                    <p>Elle prend place \u00e0 l&#8217;automne 1902, \u00e0 l&#8217;\u00e9poque o\u00f9, Colette coupe ses cheveux pour adopter la coiffure iconique qu&#8217;on lui conna\u00eet. Cela ajoute \u00e0 son d\u00e9sir d&#8217;\u00e9mancipation, et donne des joutes oratoires avec son mari de l&#8217;\u00e9poque, Henry\n                      Gauthier-Villars, dit Willy, qui signait encore les Claudine de son nom, et non pas de celui de son \u00e9pouse. Les deux derniers tableaux se situent, l&#8217;un en 1907, au moment du divorce, et l&#8217;autre en 1949, lorsque Colette devient la\n                      premi\u00e8re femme pr\u00e9sidente de l&#8217;acad\u00e9mie Goncourt.<\/p>\n                    <p>Les deux com\u00e9diens interpr\u00e8tent 5 personnages en tout : Colette, Willy, un pianiste de bar, une serveuse de bar, et Maurice Curnonsky, ami du couple.<\/p>\n                    <p>Le spectacle comporte quelques moments humoristiques tout en collant au plus pr\u00e8s \u00e0 la r\u00e9alit\u00e9 des faits et \u00e0 l\u2019exactitude des dates.<\/p>\n                    <p>Une com\u00e9die chantante, dr\u00f4le, \u00e9mouvante, et m\u00eame p\u00e9dagogique.<\/p>\n                  <\/div>\n                <\/div>\n              <\/div>\n            <\/div>\n          <\/div>\n          <div class=\"h-column h-column-container d-flex h-col-lg-6 h-col-md-12 h-col-12 style-189-outer style-local-6-c11-outer\">\n            <div data-colibri-id=\"6-c11\" class=\"d-flex h-flex-basis h-column__inner h-ui-empty-state-container h-px-lg-2 h-px-md-2 h-px-2 v-inner-lg-2 v-inner-md-2 v-inner-2 style-189 style-local-6-c11 position-relative\">\n              <!---->\n              <!---->\n              <div class=\"w-100 h-y-container h-column__content h-column__v-align flex-basis-100\">\n                <!---->\n              <\/div>\n            <\/div>\n          <\/div>\n        <\/div>\n      <\/div>\n    <\/div>\n  <\/div>\n  <div data-colibri-component=\"section\" data-colibri-id=\"6-c12\" id=\"blank\" class=\"h-section h-section-global-spacing d-flex align-items-lg-center align-items-md-center align-items-center style-706 style-local-6-c12 position-relative\">\n    <!---->\n    <!---->\n    <div class=\"h-section-grid-container h-section-boxed-container\">\n      <!---->\n      <div data-colibri-id=\"6-c13\" class=\"h-row-container gutters-row-lg-2 gutters-row-md-2 gutters-row-0 gutters-row-v-lg-2 gutters-row-v-md-2 gutters-row-v-2 style-707 style-local-6-c13 position-relative\">\n        <!---->\n        <div class=\"h-row justify-content-lg-center justify-content-md-center justify-content-center align-items-lg-stretch align-items-md-stretch align-items-stretch gutters-col-lg-2 gutters-col-md-2 gutters-col-0 gutters-col-v-lg-2 gutters-col-v-md-2 gutters-col-v-2\">\n          <!---->\n          <div class=\"h-column h-column-container d-flex h-col-lg-auto h-col-md-auto h-col-auto style-708-outer style-local-6-c14-outer\">\n            <div data-colibri-id=\"6-c14\" class=\"d-flex h-flex-basis h-column__inner h-px-lg-2 h-px-md-2 h-px-2 v-inner-lg-2 v-inner-md-2 v-inner-2 style-708 style-local-6-c14 position-relative\">\n              <!---->\n              <!---->\n              <div class=\"w-100 h-y-container h-column__content h-column__v-align flex-basis-100 align-self-lg-center align-self-md-center align-self-center\">\n                <!---->\n                <div data-colibri-id=\"6-c15\" class=\"h-global-transition-all h-heading style-714 style-local-6-c15 position-relative h-element\">\n                  <!---->\n                  <div class=\"h-heading__outer style-714 style-local-6-c15\">\n                    <!---->\n                    <!---->\n                    <h3 class=\"\">Partagez notre site<\/h3>\n                  <\/div>\n                <\/div>\n                <div data-colibri-id=\"6-c16\" class=\"h-text h-text-component style-715 style-local-6-c16 position-relative h-element\">\n                  <!---->\n                  <!---->\n                  <div class=\"\">\n                    <p>Vous pouvez partager notre site gr\u00e2ce \u00e0 ce QR Code. Enregistrez-le et partagez-le o\u00f9 vous le souhaitez.\n                      <br>\n                      <br>Nous vous remercions pour votre soutien !<\/p>\n                  <\/div>\n                <\/div>\n              <\/div>\n            <\/div>\n          <\/div>\n          <div class=\"h-column h-column-container d-flex h-col-lg-auto h-col-md-auto h-col-auto style-709-outer style-local-6-c17-outer\">\n            <div data-colibri-id=\"6-c17\" class=\"d-flex h-flex-basis h-column__inner h-px-lg-2 h-px-md-2 h-px-2 v-inner-lg-2 v-inner-md-2 v-inner-2 style-709 style-local-6-c17 position-relative\">\n              <!---->\n              <!---->\n              <div class=\"w-100 h-y-container h-column__content h-column__v-align flex-basis-100 align-self-lg-start align-self-md-start align-self-start\">\n                <!---->\n                <div data-colibri-id=\"6-c18\" class=\"d-block style-716 style-local-6-c18 position-relative h-element\">\n                  <!---->\n                  <div class=\"h-image__frame-container-outer\">\n                    <div class=\"h-image__frame-container\">\n                      <!---->\n                      <!---->\n                      <img decoding=\"async\" src=\"https:\/\/compagnie-des-gens-caustiques.fr\/wp-content\/uploads\/2025\/09\/compagnie-des-gens-caustiques-qr-code-300x300.png\" class=\"style-716-image style-local-6-c18-image\">\n                      <div class=\"h-image__frame h-hide-lg h-hide-md h-hide-sm style-716-frameImage style-local-6-c18-frameImage\"><\/div>\n                    <\/div>\n                  <\/div>\n                <\/div>\n              <\/div>\n            <\/div>\n          <\/div>\n        <\/div>\n      <\/div>\n    <\/div>\n  <\/div>\n<\/div>","protected":false},"excerpt":{"rendered":"<p>Assistez \u00e0 l&#8217;av\u00e8nement de la c\u00e9l\u00e8bre \u00e9crivaine, et \u00e0 son combat pour s&#8217;affranchir [&hellip;]<\/p>\n","protected":false},"author":1,"featured_media":0,"parent":0,"menu_order":0,"comment_status":"closed","ping_status":"closed","template":"page-templates\/homepage.php","meta":{"footnotes":""},"class_list":["post-6","page","type-page","status-publish","hentry"],"_links":{"self":[{"href":"https:\/\/compagnie-des-gens-caustiques.fr\/index.php?rest_route=\/wp\/v2\/pages\/6","targetHints":{"allow":["GET"]}}],"collection":[{"href":"https:\/\/compagnie-des-gens-caustiques.fr\/index.php?rest_route=\/wp\/v2\/pages"}],"about":[{"href":"https:\/\/compagnie-des-gens-caustiques.fr\/index.php?rest_route=\/wp\/v2\/types\/page"}],"author":[{"embeddable":true,"href":"https:\/\/compagnie-des-gens-caustiques.fr\/index.php?rest_route=\/wp\/v2\/users\/1"}],"replies":[{"embeddable":true,"href":"https:\/\/compagnie-des-gens-caustiques.fr\/index.php?rest_route=%2Fwp%2Fv2%2Fcomments&post=6"}],"version-history":[{"count":17,"href":"https:\/\/compagnie-des-gens-caustiques.fr\/index.php?rest_route=\/wp\/v2\/pages\/6\/revisions"}],"predecessor-version":[{"id":480,"href":"https:\/\/compagnie-des-gens-caustiques.fr\/index.php?rest_route=\/wp\/v2\/pages\/6\/revisions\/480"}],"wp:attachment":[{"href":"https:\/\/compagnie-des-gens-caustiques.fr\/index.php?rest_route=%2Fwp%2Fv2%2Fmedia&parent=6"}],"curies":[{"name":"wp","href":"https:\/\/api.w.org\/{rel}","templated":true}]}}