{"id":88,"date":"2025-08-29T13:07:34","date_gmt":"2025-08-29T13:07:34","guid":{"rendered":"http:\/\/compagnie-des-gens-caustiques.fr\/?page_id=88"},"modified":"2025-09-07T18:09:29","modified_gmt":"2025-09-07T18:09:29","slug":"biographies","status":"publish","type":"page","link":"https:\/\/compagnie-des-gens-caustiques.fr\/?page_id=88","title":{"rendered":"Biographies"},"content":{"rendered":"<div data-colibri-id=\"88-c1\" class=\"style-650 style-local-88-c1 position-relative\">\n  <!---->\n  <div data-colibri-component=\"section\" data-colibri-id=\"88-c2\" id=\"testimonials\" class=\"h-section h-section-global-spacing d-flex align-items-lg-center align-items-md-center align-items-center style-651 style-local-88-c2 position-relative\">\n    <!---->\n    <!---->\n    <div class=\"h-section-grid-container h-section-boxed-container\">\n      <!---->\n      <div data-colibri-id=\"88-c3\" class=\"h-row-container gutters-row-lg-2 gutters-row-md-2 gutters-row-0 gutters-row-v-lg-2 gutters-row-v-md-2 gutters-row-v-2 style-652 style-local-88-c3 position-relative\">\n        <!---->\n        <div class=\"h-row justify-content-lg-center justify-content-md-center justify-content-center align-items-lg-stretch align-items-md-stretch align-items-stretch gutters-col-lg-2 gutters-col-md-2 gutters-col-0 gutters-col-v-lg-2 gutters-col-v-md-2 gutters-col-v-2\">\n          <!---->\n          <div class=\"h-column h-column-container d-flex h-col-lg-4 h-col-md-6 h-col-12 style-653-outer style-local-88-c4-outer\">\n            <div data-colibri-id=\"88-c4\" class=\"d-flex h-flex-basis h-column__inner h-px-lg-3 h-px-md-3 h-px-3 v-inner-lg-3 v-inner-md-3 v-inner-3 style-653 style-local-88-c4 position-relative\">\n              <!---->\n              <!---->\n              <div class=\"w-100 h-y-container h-column__content h-column__v-align flex-basis-100 align-self-lg-start align-self-md-start align-self-start\">\n                <!---->\n                <div data-colibri-id=\"88-c5\" class=\"h-global-transition-all h-heading style-663 style-local-88-c5 position-relative h-element\">\n                  <!---->\n                  <div class=\"h-heading__outer style-663 style-local-88-c5\">\n                    <!---->\n                    <!---->\n                    <h3 class=\"\">Elodie R\u00e9glat<\/h3>\n                  <\/div>\n                <\/div>\n                <div data-colibri-id=\"88-c6\" class=\"h-global-transition-all h-heading style-657 style-local-88-c6 position-relative h-element\">\n                  <!---->\n                  <div class=\"h-heading__outer style-657 style-local-88-c6\">\n                    <!---->\n                    <!---->\n                    <h5 class=\"\">Com\u00e9dienne<\/h5>\n                  <\/div>\n                <\/div>\n                <div data-colibri-id=\"88-c7\" class=\"d-block style-656 style-local-88-c7 position-relative h-element\">\n                  <!---->\n                  <div class=\"h-image__frame-container-outer\">\n                    <div class=\"h-image__frame-container\">\n                      <!---->\n                      <!---->\n                      <img fetchpriority=\"high\" decoding=\"async\" width=\"1707\" height=\"2560\" src=\"http:\/\/compagnie-des-gens-caustiques.fr\/wp-content\/uploads\/2025\/09\/2023-R7_04385-2.jpg\" class=\"wp-image-334 style-656-image style-local-88-c7-image\" alt=\"\" srcset=\"https:\/\/compagnie-des-gens-caustiques.fr\/wp-content\/uploads\/2025\/09\/2023-R7_04385-2.jpg 1707w, https:\/\/compagnie-des-gens-caustiques.fr\/wp-content\/uploads\/2025\/09\/2023-R7_04385-2-200x300.jpg 200w, https:\/\/compagnie-des-gens-caustiques.fr\/wp-content\/uploads\/2025\/09\/2023-R7_04385-2-683x1024.jpg 683w, https:\/\/compagnie-des-gens-caustiques.fr\/wp-content\/uploads\/2025\/09\/2023-R7_04385-2-768x1152.jpg 768w, https:\/\/compagnie-des-gens-caustiques.fr\/wp-content\/uploads\/2025\/09\/2023-R7_04385-2-1024x1536.jpg 1024w, https:\/\/compagnie-des-gens-caustiques.fr\/wp-content\/uploads\/2025\/09\/2023-R7_04385-2-1366x2048.jpg 1366w\" sizes=\"(max-width: 1707px) 100vw, 1707px\" \/>\n                      <div class=\"h-image__frame h-hide-lg h-hide-md h-hide-sm style-656-frameImage style-local-88-c7-frameImage\"><\/div>\n                    <\/div>\n                  <\/div>\n                <\/div>\n                <div data-colibri-id=\"88-c8\" class=\"h-text h-text-component style-655 style-local-88-c8 position-relative h-element\">\n                  <!---->\n                  <!---->\n                  <div class=\"\">\n                    <p>De sa Gascogne natale \u00e0 Bordeaux, puis de Belfast \u00e0 Beyrouth et du Caire \u00e0 l\u2019Am\u00e9rique Latine, jusqu\u2019\u00e0 son arriv\u00e9e en Normandie en 2012, Elodie R\u00e9glat a toujours \u00e9t\u00e9 attach\u00e9e de pr\u00e8s ou de loin au th\u00e9\u00e2tre, \u00e0 l\u2019\u00e9criture, \u00e0 l\u2019exp\u00e9rimentation\n                      et \u00e0 la d\u00e9couverte.<\/p>\n                    <p>Actrice au Th\u00e9\u00e2tre du Lion (Vernon, 27), elle a jou\u00e9 avec sa troupe des pi\u00e8ces telles que Cuisine et d\u00e9pendances ou Les Femmes savantes sur des sc\u00e8nes vari\u00e9es, jusqu\u2019\u00e0 Avignon, ou Villandraut, dans le Sud-Ouest.<\/p>\n                    <p>Elodie R\u00e9glat d\u00e9veloppe en parall\u00e8le des projets personnels d\u2019\u00e9criture et de mise en sc\u00e8ne, des cr\u00e9ations, seule ou en partenariat.<\/p>\n                    <p>Apr\u00e8s un projet de correspondances entre \u00e9criture po\u00e9tique, gravure et piano con\u00e7u avec la graveuse Mathilde Loisel et le compositeur et pianiste Philippe Delisle, Colette est arriv\u00e9e dans sa vie, sous la plume de Laurent Mansart.<\/p>\n                    <p>\n                      <br>\n                    <\/p>\n                  <\/div>\n                <\/div>\n              <\/div>\n            <\/div>\n          <\/div>\n          <div class=\"h-column h-column-container d-flex h-col-lg-4 h-col-md-6 h-col-12 style-653-outer style-local-88-c9-outer\">\n            <div data-colibri-id=\"88-c9\" class=\"d-flex h-flex-basis h-column__inner h-px-lg-3 h-px-md-3 h-px-3 v-inner-lg-3 v-inner-md-3 v-inner-3 style-653 style-local-88-c9 position-relative\">\n              <!---->\n              <!---->\n              <div class=\"w-100 h-y-container h-column__content h-column__v-align flex-basis-100 align-self-lg-start align-self-md-start align-self-start\">\n                <!---->\n                <div data-colibri-id=\"88-c10\" class=\"h-global-transition-all h-heading style-664 style-local-88-c10 position-relative h-element\">\n                  <!---->\n                  <div class=\"h-heading__outer style-664 style-local-88-c10\">\n                    <!---->\n                    <!---->\n                    <h3 class=\"\">Philippe Delisle<\/h3>\n                  <\/div>\n                <\/div>\n                <div data-colibri-id=\"88-c11\" class=\"h-global-transition-all h-heading style-657 style-local-88-c11 position-relative h-element\">\n                  <!---->\n                  <div class=\"h-heading__outer style-657 style-local-88-c11\">\n                    <!---->\n                    <!---->\n                    <h5 class=\"\">Com\u00e9dien et Compositeur<\/h5>\n                  <\/div>\n                <\/div>\n                <div data-colibri-id=\"88-c12\" class=\"d-block style-656 style-local-88-c12 position-relative h-element\">\n                  <!---->\n                  <div class=\"h-image__frame-container-outer\">\n                    <div class=\"h-image__frame-container\">\n                      <!---->\n                      <!---->\n                      <img decoding=\"async\" width=\"1707\" height=\"2560\" src=\"http:\/\/compagnie-des-gens-caustiques.fr\/wp-content\/uploads\/2025\/09\/2023-R7_04301-1.jpg\" class=\"wp-image-381 style-656-image style-local-88-c12-image\" alt=\"\" srcset=\"https:\/\/compagnie-des-gens-caustiques.fr\/wp-content\/uploads\/2025\/09\/2023-R7_04301-1.jpg 1707w, https:\/\/compagnie-des-gens-caustiques.fr\/wp-content\/uploads\/2025\/09\/2023-R7_04301-1-200x300.jpg 200w, https:\/\/compagnie-des-gens-caustiques.fr\/wp-content\/uploads\/2025\/09\/2023-R7_04301-1-683x1024.jpg 683w, https:\/\/compagnie-des-gens-caustiques.fr\/wp-content\/uploads\/2025\/09\/2023-R7_04301-1-768x1152.jpg 768w, https:\/\/compagnie-des-gens-caustiques.fr\/wp-content\/uploads\/2025\/09\/2023-R7_04301-1-1024x1536.jpg 1024w, https:\/\/compagnie-des-gens-caustiques.fr\/wp-content\/uploads\/2025\/09\/2023-R7_04301-1-1366x2048.jpg 1366w\" sizes=\"(max-width: 1707px) 100vw, 1707px\" \/>\n                      <div class=\"h-image__frame h-hide-lg h-hide-md h-hide-sm style-656-frameImage style-local-88-c12-frameImage\"><\/div>\n                    <\/div>\n                  <\/div>\n                <\/div>\n                <div data-colibri-id=\"88-c13\" class=\"h-text h-text-component style-655 style-local-88-c13 position-relative h-element\">\n                  <!---->\n                  <!---->\n                  <div class=\"\">\n                    <p>Apr\u00e8s des \u00e9tudes de musique et une formation d&#8217;acteur \u00e0 l&#8217;ecole Fanny Vallon, Philippe Delisle a rejoint le Th\u00e9\u00e2tre du Lion \u00e0 Vernon (27) pour jouer dans de nombreuses pi\u00e8ces, dont une cr\u00e9ation \u00ab Une nuit \u00e0 Lar\u00e9do \u00bb. Il a multipli\u00e9\n                      les projets musicaux, notamment avec Laurent Mansart, pour l&#8217;\u00e9criture de conte musicaux pour chorales et d&#8217;un r\u00e9pertoire de chansons qui prendra vie au cabaret Paris Aller-Retour.<\/p>\n                    <p>Puis viendront \u00ab Dansons l\u00e0, Capucine \u00bb, un spectacle autour des chansons de Bourvil, alliant piano, chant et th\u00e9\u00e2tre en 2011, et \u00ab Philippe, y va chanter ! \u00bb, reprenant des textes de diff\u00e9rents po\u00e8tes en 2015. En 2016, il met en musique\n                      des po\u00e8mes pour un duo piano\/voix avec la chanteuse lyrique Sarah Nardon.<\/p>\n                    <p>Philippe Delisle joue actuellement au sein du trio n\u00e9o-jazz Diavoletto, et accompagne Elodie R\u00e9glat pour son spectacle po\u00e9tique de poche (Kamishibai) Au fil de la Maison.<\/p>\n                    <p>\u00ab Aujourd&#8217;hui, c&#8217;est un grand bonheur de retouver Laurent et Elodie dans cette magnifique pi\u00e8ce chantante ! \u00bb<\/p>\n                    <p>\n                      <br>\n                    <\/p>\n                  <\/div>\n                <\/div>\n              <\/div>\n            <\/div>\n          <\/div>\n          <div class=\"h-column h-column-container d-flex h-col-lg-4 h-col-md-6 h-col-12 style-653-outer style-local-88-c14-outer\">\n            <div data-colibri-id=\"88-c14\" class=\"d-flex h-flex-basis h-column__inner h-px-lg-3 h-px-md-3 h-px-3 v-inner-lg-3 v-inner-md-3 v-inner-3 style-653 style-local-88-c14 position-relative\">\n              <!---->\n              <!---->\n              <div class=\"w-100 h-y-container h-column__content h-column__v-align flex-basis-100 align-self-lg-start align-self-md-start align-self-start\">\n                <!---->\n                <div data-colibri-id=\"88-c15\" class=\"h-global-transition-all h-heading style-665 style-local-88-c15 position-relative h-element\">\n                  <!---->\n                  <div class=\"h-heading__outer style-665 style-local-88-c15\">\n                    <!---->\n                    <!---->\n                    <h3 class=\"\">Laurent Mansart<\/h3>\n                  <\/div>\n                <\/div>\n                <div data-colibri-id=\"88-c16\" class=\"h-global-transition-all h-heading style-657 style-local-88-c16 position-relative h-element\">\n                  <!---->\n                  <div class=\"h-heading__outer style-657 style-local-88-c16\">\n                    <!---->\n                    <!---->\n                    <h5 class=\"\">Auteur<\/h5>\n                  <\/div>\n                <\/div>\n                <div data-colibri-id=\"88-c17\" class=\"d-block style-656 style-local-88-c17 position-relative h-element\">\n                  <!---->\n                  <div class=\"h-image__frame-container-outer\">\n                    <div class=\"h-image__frame-container\">\n                      <!---->\n                      <!---->\n                      <img decoding=\"async\" width=\"835\" height=\"1252\" src=\"http:\/\/compagnie-des-gens-caustiques.fr\/wp-content\/uploads\/2025\/09\/IMG-20210912-WA00041-1.jpg\" class=\"wp-image-435 style-656-image style-local-88-c17-image\" alt=\"\" srcset=\"https:\/\/compagnie-des-gens-caustiques.fr\/wp-content\/uploads\/2025\/09\/IMG-20210912-WA00041-1.jpg 835w, https:\/\/compagnie-des-gens-caustiques.fr\/wp-content\/uploads\/2025\/09\/IMG-20210912-WA00041-1-200x300.jpg 200w, https:\/\/compagnie-des-gens-caustiques.fr\/wp-content\/uploads\/2025\/09\/IMG-20210912-WA00041-1-683x1024.jpg 683w, https:\/\/compagnie-des-gens-caustiques.fr\/wp-content\/uploads\/2025\/09\/IMG-20210912-WA00041-1-768x1152.jpg 768w\" sizes=\"(max-width: 835px) 100vw, 835px\" \/>\n                      <div class=\"h-image__frame h-hide-lg h-hide-md h-hide-sm style-656-frameImage style-local-88-c17-frameImage\"><\/div>\n                    <\/div>\n                  <\/div>\n                <\/div>\n                <div data-colibri-id=\"88-c18\" class=\"h-text h-text-component style-655 style-local-88-c18 position-relative h-element\">\n                  <!---->\n                  <!---->\n                  <div class=\"\">\n                    <p>Journaliste de presse \u00e9crite durant 25 ans, Laurent Mansart est l\u2019auteur de deux romans, Mettez-la au parfum ! sorti en 2018 et Un Dandy au Soleil, publi\u00e9 en 2020, tous deux \u00e9dit\u00e9s chez Estelas Editions. Il a \u00e9galement \u00e9crit des chansons\n                      et des contes musicaux, dont les musiques ont \u00e9t\u00e9 compos\u00e9es par Philippe Delisle. Colette et Willy est sa premi\u00e8re pi\u00e8ce de th\u00e9\u00e2tre<\/p>\n                    <p>\n                      <br>\n                    <\/p>\n                  <\/div>\n                <\/div>\n              <\/div>\n            <\/div>\n          <\/div>\n        <\/div>\n      <\/div>\n    <\/div>\n  <\/div>\n<\/div>","protected":false},"excerpt":{"rendered":"<p>Elodie R\u00e9glat Com\u00e9dienne De sa Gascogne natale \u00e0 Bordeaux, puis de Belfast \u00e0 [&hellip;]<\/p>\n","protected":false},"author":1,"featured_media":0,"parent":0,"menu_order":0,"comment_status":"closed","ping_status":"closed","template":"page-templates\/full-width-page.php","meta":{"footnotes":""},"class_list":["post-88","page","type-page","status-publish","hentry"],"_links":{"self":[{"href":"https:\/\/compagnie-des-gens-caustiques.fr\/index.php?rest_route=\/wp\/v2\/pages\/88","targetHints":{"allow":["GET"]}}],"collection":[{"href":"https:\/\/compagnie-des-gens-caustiques.fr\/index.php?rest_route=\/wp\/v2\/pages"}],"about":[{"href":"https:\/\/compagnie-des-gens-caustiques.fr\/index.php?rest_route=\/wp\/v2\/types\/page"}],"author":[{"embeddable":true,"href":"https:\/\/compagnie-des-gens-caustiques.fr\/index.php?rest_route=\/wp\/v2\/users\/1"}],"replies":[{"embeddable":true,"href":"https:\/\/compagnie-des-gens-caustiques.fr\/index.php?rest_route=%2Fwp%2Fv2%2Fcomments&post=88"}],"version-history":[{"count":5,"href":"https:\/\/compagnie-des-gens-caustiques.fr\/index.php?rest_route=\/wp\/v2\/pages\/88\/revisions"}],"predecessor-version":[{"id":437,"href":"https:\/\/compagnie-des-gens-caustiques.fr\/index.php?rest_route=\/wp\/v2\/pages\/88\/revisions\/437"}],"wp:attachment":[{"href":"https:\/\/compagnie-des-gens-caustiques.fr\/index.php?rest_route=%2Fwp%2Fv2%2Fmedia&parent=88"}],"curies":[{"name":"wp","href":"https:\/\/api.w.org\/{rel}","templated":true}]}}