{"id":94,"date":"2025-08-29T13:08:38","date_gmt":"2025-08-29T13:08:38","guid":{"rendered":"http:\/\/compagnie-des-gens-caustiques.fr\/?page_id=94"},"modified":"2025-09-07T17:47:39","modified_gmt":"2025-09-07T17:47:39","slug":"pros","status":"publish","type":"page","link":"https:\/\/compagnie-des-gens-caustiques.fr\/?page_id=94","title":{"rendered":"Pros"},"content":{"rendered":"\t\t<div data-elementor-type=\"wp-page\" data-elementor-id=\"94\" class=\"elementor elementor-94\">\n\t\t\t\t<div class=\"elementor-element elementor-element-53feeb94 e-flex e-con-boxed e-con e-parent\" data-id=\"53feeb94\" data-element_type=\"container\">\n\t\t\t\t\t<div class=\"e-con-inner\">\n\t\t\t\t<div class=\"elementor-element elementor-element-7219fb40 elementor-widget elementor-widget-text-editor\" data-id=\"7219fb40\" data-element_type=\"widget\" data-widget_type=\"text-editor.default\">\n\t\t\t\t\t\t\t\t\t<div class=\"style-666 style-local-94-c1 position-relative\" data-colibri-id=\"94-c1\">\u00a0<\/div>\n\n\n<p><\/p>\n\t\t\t\t\t\t\t\t<\/div>\n\t\t\t\t\t<\/div>\n\t\t\t\t<\/div>\n\t\t<div class=\"elementor-element elementor-element-94b2ef7 e-flex e-con-boxed e-con e-parent\" data-id=\"94b2ef7\" data-element_type=\"container\">\n\t\t\t\t\t<div class=\"e-con-inner\">\n\t\t\t\t<div class=\"elementor-element elementor-element-a86d41a elementor-widget elementor-widget-heading\" data-id=\"a86d41a\" data-element_type=\"widget\" data-widget_type=\"heading.default\">\n\t\t\t\t\t<h4 class=\"elementor-heading-title elementor-size-default\">FICHE TECHNIQUE<\/h4>\t\t\t\t<\/div>\n\t\t\t\t<div class=\"elementor-element elementor-element-29eb702 elementor-widget elementor-widget-heading\" data-id=\"29eb702\" data-element_type=\"widget\" data-widget_type=\"heading.default\">\n\t\t\t\t\t<h2 class=\"elementor-heading-title elementor-size-default\">COLETTE ET WILLY<\/h2>\t\t\t\t<\/div>\n\t\t\t\t<div class=\"elementor-element elementor-element-bc6a6ca elementor-widget elementor-widget-heading\" data-id=\"bc6a6ca\" data-element_type=\"widget\" data-widget_type=\"heading.default\">\n\t\t\t\t\t<h4 class=\"elementor-heading-title elementor-size-default\"><b>Pi\u00e8ce chantante<br><\/b>par <b>La Compagnie des Gens Caustiques<\/b><\/h4>\t\t\t\t<\/div>\n\t\t\t\t<div class=\"elementor-element elementor-element-740b559 elementor-widget elementor-widget-text-editor\" data-id=\"740b559\" data-element_type=\"widget\" data-widget_type=\"text-editor.default\">\n\t\t\t\t\t\t\t\t\t<p>Nous d\u00e9crivons ici les conditions id\u00e9ales pour le spectacle, mais nous avons la possibilit\u00e9 de nous adapter. Afin de gagner du temps et pour que l&#8217;adaptation se passe au mieux, merci de prendre contact avec nous.<\/p>\t\t\t\t\t\t\t\t<\/div>\n\t\t\t\t<div class=\"elementor-element elementor-element-fd3e0b6 elementor-widget elementor-widget-text-editor\" data-id=\"fd3e0b6\" data-element_type=\"widget\" data-widget_type=\"text-editor.default\">\n\t\t\t\t\t\t\t\t\t<p><span style=\"color: #141420;\"><b>Auteur <\/b>: Laurent MANSART<\/span><br \/><span style=\"color: #141420;\"><b>Compositeur <\/b>: Philippe DELISLE<\/span><br \/><span style=\"color: #141420;\"><b>Com\u00e9diens <\/b>: Elodie REGLAT et Philippe DELISLE<\/span><br \/><span style=\"color: #141420;\"><b>R\u00e9gisseur son et lumi\u00e8re<\/b> : Martin MANSART (selon lieu et dates)<\/span><\/p>\t\t\t\t\t\t\t\t<\/div>\n\t\t\t\t<div class=\"elementor-element elementor-element-56fec48 elementor-widget elementor-widget-heading\" data-id=\"56fec48\" data-element_type=\"widget\" data-widget_type=\"heading.default\">\n\t\t\t\t\t<h4 class=\"elementor-heading-title elementor-size-default\">Public vis\u00e9<\/h4>\t\t\t\t<\/div>\n\t\t\t\t<div class=\"elementor-element elementor-element-aff6c12 elementor-widget elementor-widget-text-editor\" data-id=\"aff6c12\" data-element_type=\"widget\" data-widget_type=\"text-editor.default\">\n\t\t\t\t\t\t\t\t\t<p>Tout public<\/p>\t\t\t\t\t\t\t\t<\/div>\n\t\t\t\t<div class=\"elementor-element elementor-element-d8e75c9 elementor-widget elementor-widget-heading\" data-id=\"d8e75c9\" data-element_type=\"widget\" data-widget_type=\"heading.default\">\n\t\t\t\t\t<h4 class=\"elementor-heading-title elementor-size-default\">Dur\u00e9e du spectacle<\/h4>\t\t\t\t<\/div>\n\t\t\t\t<div class=\"elementor-element elementor-element-1125a09 elementor-widget elementor-widget-text-editor\" data-id=\"1125a09\" data-element_type=\"widget\" data-widget_type=\"text-editor.default\">\n\t\t\t\t\t\t\t\t\t<p>1h20 sans entracte<br \/>Rencontre avec le public \u00e0 l&#8217;issue du spectacle<br \/><br \/>La jauge est estim\u00e9e \u00e0 200 personnes.<\/p>\t\t\t\t\t\t\t\t<\/div>\n\t\t\t\t<div class=\"elementor-element elementor-element-8b8d07e elementor-widget elementor-widget-heading\" data-id=\"8b8d07e\" data-element_type=\"widget\" data-widget_type=\"heading.default\">\n\t\t\t\t\t<h4 class=\"elementor-heading-title elementor-size-default\">Synopsis<\/h4>\t\t\t\t<\/div>\n\t\t\t\t<div class=\"elementor-element elementor-element-daaa63a elementor-widget__width-inherit elementor-widget elementor-widget-text-editor\" data-id=\"daaa63a\" data-element_type=\"widget\" data-widget_type=\"text-editor.default\">\n\t\t\t\t\t\t\t\t\t<p style=\"text-align: left;\">La pi\u00e8ce traite des rapports qu\u2019entretenait l\u2019\u00e9crivaine Colette avec son premier mari, Henry Gauthier-Villars dit \u00ab Willy \u00bb. Elle prend place \u00e0 l\u2019automne 1902, lorsque Colette coupe ses longs cheveux blonds pour adopter sa coiffure iconique, \u00ab \u00e0 la gar\u00e7onne \u00bb. Elle revendique alors le droit de pouvoir signer ses<br \/>romans, les c\u00e9l\u00e8bres \u00ab Claudine \u00bb, de son nom, ce qui d\u00e9pla\u00eet \u00e0 Willy. Ce dernier en tire une manne financi\u00e8re, et surtout une reconnaissance aupr\u00e8s de la critique, qu\u2019il n\u2019a gu\u00e8re envie de c\u00e9der \u00e0 son \u00e9pouse. M\u00eame si l\u2019\u00e9criture est une souffrance pour Colette, cette bataille pour ses droits r\u00e9v\u00e8le sa volont\u00e9<br \/>d\u2019\u00e9mancipation et son go\u00fbt pour la libert\u00e9. La pi\u00e8ce se d\u00e9coupe en huit sc\u00e8nes, chacune comportant une chanson.<\/p>\t\t\t\t\t\t\t\t<\/div>\n\t\t\t\t<div class=\"elementor-element elementor-element-9c3caea elementor-widget elementor-widget-heading\" data-id=\"9c3caea\" data-element_type=\"widget\" data-widget_type=\"heading.default\">\n\t\t\t\t\t<h4 class=\"elementor-heading-title elementor-size-default\">Contact<\/h4>\t\t\t\t<\/div>\n\t\t\t\t<div class=\"elementor-element elementor-element-d95d39d elementor-widget__width-inherit elementor-widget elementor-widget-text-editor\" data-id=\"d95d39d\" data-element_type=\"widget\" data-widget_type=\"text-editor.default\">\n\t\t\t\t\t\t\t\t\t<p>\u2709\ufe0f lesgenscaustiques@gmail.com<br \/>\ud83d\udcde 06 70 51 32 08<\/p>\t\t\t\t\t\t\t\t<\/div>\n\t\t\t\t<div class=\"elementor-element elementor-element-1e6d088 elementor-widget elementor-widget-heading\" data-id=\"1e6d088\" data-element_type=\"widget\" data-widget_type=\"heading.default\">\n\t\t\t\t\t<h4 class=\"elementor-heading-title elementor-size-default\">Lumi\u00e8re<\/h4>\t\t\t\t<\/div>\n\t\t\t\t<div class=\"elementor-element elementor-element-aca1520 elementor-widget__width-inherit elementor-widget elementor-widget-text-editor\" data-id=\"aca1520\" data-element_type=\"widget\" data-widget_type=\"text-editor.default\">\n\t\t\t\t\t\t\t\t\t<p>Le mat\u00e9riel, console lumi\u00e8re et projecteurs, est \u00e0 fournir par le lieu d&#8217;accueil. Voir sch\u00e9ma ci-dessous<\/p>\t\t\t\t\t\t\t\t<\/div>\n\t\t\t\t<div class=\"elementor-element elementor-element-41eb703 elementor-widget elementor-widget-image\" data-id=\"41eb703\" data-element_type=\"widget\" data-widget_type=\"image.default\">\n\t\t\t\t\t\t\t\t\t\t\t\t\t\t\t<img fetchpriority=\"high\" decoding=\"async\" width=\"1024\" height=\"873\" src=\"https:\/\/compagnie-des-gens-caustiques.fr\/wp-content\/uploads\/2025\/09\/Capture-decran-2025-09-07-192952-1024x873.png\" class=\"attachment-large size-large wp-image-400\" alt=\"\" srcset=\"https:\/\/compagnie-des-gens-caustiques.fr\/wp-content\/uploads\/2025\/09\/Capture-decran-2025-09-07-192952-1024x873.png 1024w, https:\/\/compagnie-des-gens-caustiques.fr\/wp-content\/uploads\/2025\/09\/Capture-decran-2025-09-07-192952-300x256.png 300w, https:\/\/compagnie-des-gens-caustiques.fr\/wp-content\/uploads\/2025\/09\/Capture-decran-2025-09-07-192952-768x655.png 768w, https:\/\/compagnie-des-gens-caustiques.fr\/wp-content\/uploads\/2025\/09\/Capture-decran-2025-09-07-192952.png 1396w\" sizes=\"(max-width: 1024px) 100vw, 1024px\" \/>\t\t\t\t\t\t\t\t\t\t\t\t\t\t\t<\/div>\n\t\t\t\t<div class=\"elementor-element elementor-element-140231c elementor-widget elementor-widget-heading\" data-id=\"140231c\" data-element_type=\"widget\" data-widget_type=\"heading.default\">\n\t\t\t\t\t<h4 class=\"elementor-heading-title elementor-size-default\">Son<\/h4>\t\t\t\t<\/div>\n\t\t\t\t<div class=\"elementor-element elementor-element-3a124dc elementor-widget__width-inherit elementor-widget elementor-widget-text-editor\" data-id=\"3a124dc\" data-element_type=\"widget\" data-widget_type=\"text-editor.default\">\n\t\t\t\t\t\t\t\t\t<p>Liste de Mat\u00e9riel : <i>\u00e0 fournir par le lieu d&#8217;accueil<\/i><\/p><p>1 Table de mixage<\/p><p><i>\u00a0<\/i><\/p><p>Diffusion\/Retours<\/p><p>1 Fond Jardin, 1 Fond Cour<\/p><p><i>\u00a0<\/i><\/p><p>Fa\u00e7ade<\/p><p>2 Sources propres de puissance adapt\u00e9e \u00e0 la salle.<\/p><p>Diffusion en st\u00e9r\u00e9o<\/p><p>\u00a0<\/p>\t\t\t\t\t\t\t\t<\/div>\n\t\t\t\t<div class=\"elementor-element elementor-element-efa7a97 elementor-widget elementor-widget-heading\" data-id=\"efa7a97\" data-element_type=\"widget\" data-widget_type=\"heading.default\">\n\t\t\t\t\t<h4 class=\"elementor-heading-title elementor-size-default\">Sc\u00e8ne<\/h4>\t\t\t\t<\/div>\n\t\t\t\t<div class=\"elementor-element elementor-element-b6b601b elementor-widget__width-inherit elementor-widget elementor-widget-text-editor\" data-id=\"b6b601b\" data-element_type=\"widget\" data-widget_type=\"text-editor.default\">\n\t\t\t\t\t\t\t\t\t<p><u>Plateau<\/u><\/p><p>Ouverture mini 6.00m au cadre de sc\u00e8ne<\/p><p>Profondeur mini 5.00m de l&#8217;avant-sc\u00e8ne au fond noir<\/p><p>\u00a0<\/p><p>\u00a0<\/p><p><u>Pendrillonnage<\/u><\/p><p>Bo\u00eete noire \u00e0 l&#8217;Allemande<br \/>1 Fond velours noir de mur \u00e0 mur (6.00m mini)<\/p><p>2 Pendrillons noirs \u00e0 l&#8217;Italienne 1.50m c\u00f4t\u00e9 cour et 1.50 c\u00f4t\u00e9 jardin<\/p>\t\t\t\t\t\t\t\t<\/div>\n\t\t\t\t<div class=\"elementor-element elementor-element-152e27a elementor-widget elementor-widget-heading\" data-id=\"152e27a\" data-element_type=\"widget\" data-widget_type=\"heading.default\">\n\t\t\t\t\t<h4 class=\"elementor-heading-title elementor-size-default\">Loges<\/h4>\t\t\t\t<\/div>\n\t\t\t\t<div class=\"elementor-element elementor-element-d40c371 elementor-widget__width-inherit elementor-widget elementor-widget-text-editor\" data-id=\"d40c371\" data-element_type=\"widget\" data-widget_type=\"text-editor.default\">\n\t\t\t\t\t\t\t\t\t<p>Miroir pour maquillage<br \/>Un fer \u00e0 repasser avec table<\/p>\t\t\t\t\t\t\t\t<\/div>\n\t\t\t\t<div class=\"elementor-element elementor-element-b19db76 elementor-widget elementor-widget-heading\" data-id=\"b19db76\" data-element_type=\"widget\" data-widget_type=\"heading.default\">\n\t\t\t\t\t<h4 class=\"elementor-heading-title elementor-size-default\">D\u00e9cors<\/h4>\t\t\t\t<\/div>\n\t\t\t\t<div class=\"elementor-element elementor-element-64fd0af elementor-widget__width-inherit elementor-widget elementor-widget-text-editor\" data-id=\"64fd0af\" data-element_type=\"widget\" data-widget_type=\"text-editor.default\">\n\t\t\t\t\t\t\t\t\t<p>Sur sc\u00e8ne: Pr\u00e9voir une arriv\u00e9e d&#8217;\u00e9lectricit\u00e9 pour brancher le piano<br \/><br \/>En amont: Pr\u00e9voir le stationnement d&#8217;un v\u00e9hicule (type camionnette) pour le d\u00e9chargement des d\u00e9cors jusqu&#8217;au rechargement \u00e0 l&#8217;issue de la repr\u00e9sentation.<\/p>\t\t\t\t\t\t\t\t<\/div>\n\t\t\t\t<div class=\"elementor-element elementor-element-67fab3e elementor-widget elementor-widget-heading\" data-id=\"67fab3e\" data-element_type=\"widget\" data-widget_type=\"heading.default\">\n\t\t\t\t\t<h4 class=\"elementor-heading-title elementor-size-default\">Montage et personnel<\/h4>\t\t\t\t<\/div>\n\t\t\t\t<div class=\"elementor-element elementor-element-da62061 elementor-widget__width-inherit elementor-widget elementor-widget-text-editor\" data-id=\"da62061\" data-element_type=\"widget\" data-widget_type=\"text-editor.default\">\n\t\t\t\t\t\t\t\t\t<p>Montage simultan\u00e9 du son, du plateau et de la lumi\u00e8re.<\/p><p>1 r\u00e9gisseur son et lumi\u00e8re : livret conduite fourni par la compagnie<\/p><p>Montage en 4heures Maxi<\/p><p>1 r\u00e9gisseur d&#8217;accueil pour g\u00e9rer le flux des spectateurs<\/p><p>D\u00e9montage et chargement \u00e0 l&#8217;issue de la repr\u00e9sentation (1h maxi)<\/p>\t\t\t\t\t\t\t\t<\/div>\n\t\t\t\t<div class=\"elementor-element elementor-element-a28eef2 elementor-widget elementor-widget-heading\" data-id=\"a28eef2\" data-element_type=\"widget\" data-widget_type=\"heading.default\">\n\t\t\t\t\t<h4 class=\"elementor-heading-title elementor-size-default\">Sch\u00e9ma d'installation<\/h4>\t\t\t\t<\/div>\n\t\t\t\t<div class=\"elementor-element elementor-element-ab9ca47 elementor-widget__width-inherit elementor-widget elementor-widget-text-editor\" data-id=\"ab9ca47\" data-element_type=\"widget\" data-widget_type=\"text-editor.default\">\n\t\t\t\t\t\t\t\t\t<p><em>Il s&#8217;agit d&#8217;un dessin de la disposition physique des d\u00e9cors et des com\u00e9diens sur sc\u00e8ne avec les dimensions, rideaux et pendrillons compris.<\/em><\/p>\t\t\t\t\t\t\t\t<\/div>\n\t\t<div class=\"elementor-element elementor-element-b6db830 e-grid e-con-full e-con e-child\" data-id=\"b6db830\" data-element_type=\"container\">\n\t\t\t\t<div class=\"elementor-element elementor-element-c8da37e elementor-widget elementor-widget-image\" data-id=\"c8da37e\" data-element_type=\"widget\" data-widget_type=\"image.default\">\n\t\t\t\t\t\t\t\t\t\t\t\t\t\t\t<img decoding=\"async\" width=\"1024\" height=\"953\" src=\"https:\/\/compagnie-des-gens-caustiques.fr\/wp-content\/uploads\/2025\/09\/Capture-decran-2025-09-07-193849-1024x953.png\" class=\"attachment-large size-large wp-image-401\" alt=\"\" srcset=\"https:\/\/compagnie-des-gens-caustiques.fr\/wp-content\/uploads\/2025\/09\/Capture-decran-2025-09-07-193849-1024x953.png 1024w, https:\/\/compagnie-des-gens-caustiques.fr\/wp-content\/uploads\/2025\/09\/Capture-decran-2025-09-07-193849-300x279.png 300w, https:\/\/compagnie-des-gens-caustiques.fr\/wp-content\/uploads\/2025\/09\/Capture-decran-2025-09-07-193849-768x714.png 768w, https:\/\/compagnie-des-gens-caustiques.fr\/wp-content\/uploads\/2025\/09\/Capture-decran-2025-09-07-193849.png 1263w\" sizes=\"(max-width: 1024px) 100vw, 1024px\" \/>\t\t\t\t\t\t\t\t\t\t\t\t\t\t\t<\/div>\n\t\t\t\t<div class=\"elementor-element elementor-element-3fe391e elementor-widget elementor-widget-image\" data-id=\"3fe391e\" data-element_type=\"widget\" data-widget_type=\"image.default\">\n\t\t\t\t\t\t\t\t\t\t\t\t\t\t\t<img decoding=\"async\" width=\"1024\" height=\"949\" src=\"https:\/\/compagnie-des-gens-caustiques.fr\/wp-content\/uploads\/2025\/09\/Capture-decran-2025-09-07-193908-1024x949.png\" class=\"attachment-large size-large wp-image-402\" alt=\"\" srcset=\"https:\/\/compagnie-des-gens-caustiques.fr\/wp-content\/uploads\/2025\/09\/Capture-decran-2025-09-07-193908-1024x949.png 1024w, https:\/\/compagnie-des-gens-caustiques.fr\/wp-content\/uploads\/2025\/09\/Capture-decran-2025-09-07-193908-300x278.png 300w, https:\/\/compagnie-des-gens-caustiques.fr\/wp-content\/uploads\/2025\/09\/Capture-decran-2025-09-07-193908-768x712.png 768w, https:\/\/compagnie-des-gens-caustiques.fr\/wp-content\/uploads\/2025\/09\/Capture-decran-2025-09-07-193908.png 1274w\" sizes=\"(max-width: 1024px) 100vw, 1024px\" \/>\t\t\t\t\t\t\t\t\t\t\t\t\t\t\t<\/div>\n\t\t\t\t<\/div>\n\t\t\t\t<div class=\"elementor-element elementor-element-43049db elementor-widget elementor-widget-heading\" data-id=\"43049db\" data-element_type=\"widget\" data-widget_type=\"heading.default\">\n\t\t\t\t\t<h4 class=\"elementor-heading-title elementor-size-default\">La signature du contrat entra\u00eene l\u2019acceptation de ce dossier technique.\nL\u2019organisateur s\u2019engage \u00e0 en respecter tous les termes et \u00e0 n\u2019y apporter\naucune modification sans l\u2019accord pr\u00e9alable du r\u00e9gisseur g\u00e9n\u00e9ral.<\/h4>\t\t\t\t<\/div>\n\t\t\t\t<div class=\"elementor-element elementor-element-dfc6649 elementor-widget-divider--view-line elementor-widget elementor-widget-divider\" data-id=\"dfc6649\" data-element_type=\"widget\" data-widget_type=\"divider.default\">\n\t\t\t\t\t\t\t<div class=\"elementor-divider\">\n\t\t\t<span class=\"elementor-divider-separator\">\n\t\t\t\t\t\t<\/span>\n\t\t<\/div>\n\t\t\t\t\t\t<\/div>\n\t\t\t\t<div class=\"elementor-element elementor-element-807d8d4 elementor-widget elementor-widget-heading\" data-id=\"807d8d4\" data-element_type=\"widget\" data-widget_type=\"heading.default\">\n\t\t\t\t\t<h4 class=\"elementor-heading-title elementor-size-default\">AFFICHE NEUTRE<\/h4>\t\t\t\t<\/div>\n\t\t\t\t<div class=\"elementor-element elementor-element-d400aa8 elementor-widget elementor-widget-image\" data-id=\"d400aa8\" data-element_type=\"widget\" data-widget_type=\"image.default\">\n\t\t\t\t\t\t\t\t\t\t\t\t\t\t\t<img loading=\"lazy\" decoding=\"async\" width=\"557\" height=\"645\" src=\"https:\/\/compagnie-des-gens-caustiques.fr\/wp-content\/uploads\/2025\/09\/affiche-neutre.jpg\" class=\"attachment-large size-large wp-image-409\" alt=\"\" srcset=\"https:\/\/compagnie-des-gens-caustiques.fr\/wp-content\/uploads\/2025\/09\/affiche-neutre.jpg 557w, https:\/\/compagnie-des-gens-caustiques.fr\/wp-content\/uploads\/2025\/09\/affiche-neutre-259x300.jpg 259w\" sizes=\"(max-width: 557px) 100vw, 557px\" \/>\t\t\t\t\t\t\t\t\t\t\t\t\t\t\t<\/div>\n\t\t\t\t\t<\/div>\n\t\t\t\t<\/div>\n\t\t\t\t<\/div>\n\t\t","protected":false},"excerpt":{"rendered":"<p>\u00a0 FICHE TECHNIQUE COLETTE ET WILLY Pi\u00e8ce chantantepar La Compagnie des Gens Caustiques [&hellip;]<\/p>\n","protected":false},"author":1,"featured_media":0,"parent":0,"menu_order":0,"comment_status":"closed","ping_status":"closed","template":"","meta":{"footnotes":""},"class_list":["post-94","page","type-page","status-publish","hentry"],"_links":{"self":[{"href":"https:\/\/compagnie-des-gens-caustiques.fr\/index.php?rest_route=\/wp\/v2\/pages\/94","targetHints":{"allow":["GET"]}}],"collection":[{"href":"https:\/\/compagnie-des-gens-caustiques.fr\/index.php?rest_route=\/wp\/v2\/pages"}],"about":[{"href":"https:\/\/compagnie-des-gens-caustiques.fr\/index.php?rest_route=\/wp\/v2\/types\/page"}],"author":[{"embeddable":true,"href":"https:\/\/compagnie-des-gens-caustiques.fr\/index.php?rest_route=\/wp\/v2\/users\/1"}],"replies":[{"embeddable":true,"href":"https:\/\/compagnie-des-gens-caustiques.fr\/index.php?rest_route=%2Fwp%2Fv2%2Fcomments&post=94"}],"version-history":[{"count":20,"href":"https:\/\/compagnie-des-gens-caustiques.fr\/index.php?rest_route=\/wp\/v2\/pages\/94\/revisions"}],"predecessor-version":[{"id":412,"href":"https:\/\/compagnie-des-gens-caustiques.fr\/index.php?rest_route=\/wp\/v2\/pages\/94\/revisions\/412"}],"wp:attachment":[{"href":"https:\/\/compagnie-des-gens-caustiques.fr\/index.php?rest_route=%2Fwp%2Fv2%2Fmedia&parent=94"}],"curies":[{"name":"wp","href":"https:\/\/api.w.org\/{rel}","templated":true}]}}